{"id":16700,"date":"2024-01-03T06:49:07","date_gmt":"2024-01-03T06:49:07","guid":{"rendered":"https:\/\/byteroute.dev\/contact\/"},"modified":"2026-03-05T18:04:37","modified_gmt":"2026-03-05T18:04:37","slug":"contact","status":"publish","type":"page","link":"https:\/\/byteroute.dev\/fr\/contact\/","title":{"rendered":"Contact"},"content":{"rendered":"\t\t<div data-elementor-type=\"wp-page\" data-elementor-id=\"16700\" class=\"elementor elementor-16700 elementor-1010\">\n\t\t\t\t<div class=\"elementor-element elementor-element-f02d7bf e-flex e-con-boxed e-con e-parent\" data-id=\"f02d7bf\" data-element_type=\"container\" data-e-type=\"container\" data-settings=\"{&quot;wcf_enable_cursor_hover_effect_text&quot;:&quot;View&quot;,&quot;wcf-animation&quot;:&quot;none&quot;}\">\n\t\t\t\t\t<div class=\"e-con-inner\">\n\t\t<div class=\"elementor-element elementor-element-96db7b5 e-con-full e-flex e-con e-child\" data-id=\"96db7b5\" data-element_type=\"container\" data-e-type=\"container\" data-settings=\"{&quot;wcf_enable_cursor_hover_effect_text&quot;:&quot;View&quot;,&quot;wcf-animation&quot;:&quot;none&quot;}\">\n\t\t\t\t<div class=\"elementor-element elementor-element-5d284c7 elementor-widget__width-initial wcf-t-animation-text_move elementor-widget-mobile__width-inherit underline_offset elementor-widget elementor-widget-wcf--title\" data-id=\"5d284c7\" data-element_type=\"widget\" data-e-type=\"widget\" data-settings=\"{&quot;wcf_text_animation&quot;:&quot;text_move&quot;,&quot;text_transform_origin&quot;:&quot;top center -50&quot;,&quot;text_delay&quot;:0.15,&quot;text_duration&quot;:1,&quot;text_stagger&quot;:0.02,&quot;text_on_scroll&quot;:&quot;yes&quot;,&quot;text_rotation_di&quot;:&quot;x&quot;,&quot;text_rotation&quot;:&quot;-80&quot;,&quot;wcf-animation&quot;:&quot;none&quot;}\" data-widget_type=\"wcf--title.default\">\n\t\t\t\t<div class=\"elementor-widget-container\">\n\t\t\t\t\t<h2 class=\"wcf--title\">Planifier une r\u00e9union ou obtenir un devis<\/h2>\t\t\t\t<\/div>\n\t\t\t\t<\/div>\n\t\t\t\t<div class=\"elementor-element elementor-element-a6766cd elementor-widget__width-initial wcf-t-animation-text_move elementor-widget elementor-widget-wcf--text\" data-id=\"a6766cd\" data-element_type=\"widget\" data-e-type=\"widget\" data-settings=\"{&quot;wcf_text_animation&quot;:&quot;text_move&quot;,&quot;text_transform_origin&quot;:&quot;top center -50&quot;,&quot;text_delay&quot;:0.15,&quot;text_duration&quot;:1,&quot;text_stagger&quot;:0.02,&quot;text_on_scroll&quot;:&quot;yes&quot;,&quot;text_rotation_di&quot;:&quot;x&quot;,&quot;text_rotation&quot;:&quot;-80&quot;,&quot;wcf-animation&quot;:&quot;none&quot;}\" data-widget_type=\"wcf--text.default\">\n\t\t\t\t<div class=\"elementor-widget-container\">\n\t\t\t\t\t<div class=\"wcf--text\"><ul><li style=\"list-style-type: none\"><ul><li><span style=\"color: #000000\">Byteroute d.o.o.<\/span><\/li><li><a href=\"https:\/\/maps.app.goo.gl\/ZBnbMcVj4T6tcPJR7\" target=\"_blank\" rel=\"noopener\"><span style=\"color: #000000\">Skenderpa\u0161ina 1<\/span><\/a><\/li><li><a href=\"https:\/\/maps.app.goo.gl\/ZBnbMcVj4T6tcPJR7\" target=\"_blank\" rel=\"noopener\"><span style=\"color: #000000\">71000 Sarajevo<\/span><\/a><\/li><li><a href=\"https:\/\/maps.app.goo.gl\/ZBnbMcVj4T6tcPJR7\" target=\"_blank\" rel=\"noopener\"><span style=\"color: #000000\">Bosnie-Herz\u00e9govin<\/span><span style=\"color: #000000\">e<\/span><\/a><\/li><\/ul><\/li><\/ul><p> <\/p><ul><li><a href=\"mailto:hello@byteroute.dev\">hello@byteroute.dev<\/a><\/li><li><a href=\"tel:38761521838\">+38761521838<\/a><\/li><\/ul><\/div>\t\t\t\t<\/div>\n\t\t\t\t<\/div>\n\t\t\t\t<div class=\"elementor-element elementor-element-4e05ac4 elementor-widget elementor-widget-html\" data-id=\"4e05ac4\" data-element_type=\"widget\" data-e-type=\"widget\" data-settings=\"{&quot;wcf-animation&quot;:&quot;none&quot;}\" data-widget_type=\"html.default\">\n\t\t\t\t<div class=\"elementor-widget-container\">\n\t\t\t\t\t<a class=\"appointlet-button\" data-appointlet-modal=\"\" href=\"https:\/\/appt.link\/meet-with-edin-babic-1sPXdl4O\" style=\"background-color:#8a9199;\" target=\"_blank\" rel=\"noopener\">Planifier une r\u00e9union<\/a>\r\n<script async=\"\" defer src=\"https:\/\/js.appointlet.com\/\"><\/script>\r\n<link href=\"https:\/\/js.appointlet.com\/styles.css\" rel=\"stylesheet\">\t\t\t\t<\/div>\n\t\t\t\t<\/div>\n\t\t<div class=\"elementor-element elementor-element-3a6418d e-con-full e-flex e-con e-child\" data-id=\"3a6418d\" data-element_type=\"container\" data-e-type=\"container\" data-settings=\"{&quot;wcf-animation&quot;:&quot;fade&quot;,&quot;fade-from&quot;:&quot;bottom&quot;,&quot;delay&quot;:0.3,&quot;wcf_enable_cursor_hover_effect_text&quot;:&quot;View&quot;,&quot;on-scroll&quot;:1,&quot;data-duration&quot;:1.5,&quot;ease&quot;:&quot;power2.out&quot;,&quot;fade-offset&quot;:50}\">\n\t\t\t\t<\/div>\n\t\t\t\t<\/div>\n\t\t<div class=\"elementor-element elementor-element-4a265b8 e-con-full e-flex e-con e-child\" data-id=\"4a265b8\" data-element_type=\"container\" data-e-type=\"container\" data-settings=\"{&quot;wcf_enable_cursor_hover_effect_text&quot;:&quot;View&quot;,&quot;wcf-animation&quot;:&quot;none&quot;}\">\n\t\t\t\t<div class=\"elementor-element elementor-element-6eef31f elementor-widget elementor-widget-google_maps\" data-id=\"6eef31f\" data-element_type=\"widget\" data-e-type=\"widget\" data-settings=\"{&quot;wcf-animation&quot;:&quot;fade&quot;,&quot;wcf_enable_animation_editor&quot;:&quot;yes&quot;,&quot;delay&quot;:0.15,&quot;on-scroll&quot;:1,&quot;fade-from&quot;:&quot;top&quot;,&quot;data-duration&quot;:1.5,&quot;ease&quot;:&quot;power2.out&quot;,&quot;fade-offset&quot;:50}\" data-widget_type=\"google_maps.default\">\n\t\t\t\t<div class=\"elementor-widget-container\">\n\t\t\t\t\t\t\t<div class=\"elementor-custom-embed\">\n\t\t\t<iframe loading=\"lazy\"\n\t\t\t\t\tsrc=\"https:\/\/maps.google.com\/maps?q=Skenderpa%C5%A1ina%201&#038;t=m&#038;z=18&#038;output=embed&#038;iwloc=near\"\n\t\t\t\t\ttitle=\"Skenderpa\u0161ina 1\"\n\t\t\t\t\taria-label=\"Skenderpa\u0161ina 1\"\n\t\t\t><\/iframe>\n\t\t<\/div>\n\t\t\t\t\t\t<\/div>\n\t\t\t\t<\/div>\n\t\t\t\t<\/div>\n\t\t\t\t\t<\/div>\n\t\t\t\t<\/div>\n\t\t\t\t<\/div>\n\t\t","protected":false},"excerpt":{"rendered":"<p>Planifier une r\u00e9union ou obtenir un devis Byteroute d.o.o. Skenderpa\u0161ina 1 71000 Sarajevo Bosnie-Herz\u00e9govine hello@byteroute.dev +38761521838 Planifier une r\u00e9union<\/p>\n","protected":false},"author":1,"featured_media":16704,"parent":0,"menu_order":0,"comment_status":"closed","ping_status":"closed","template":"elementor_header_footer","meta":{"footnotes":""},"class_list":["post-16700","page","type-page","status-publish","has-post-thumbnail","hentry"],"_links":{"self":[{"href":"https:\/\/byteroute.dev\/fr\/wp-json\/wp\/v2\/pages\/16700","targetHints":{"allow":["GET"]}}],"collection":[{"href":"https:\/\/byteroute.dev\/fr\/wp-json\/wp\/v2\/pages"}],"about":[{"href":"https:\/\/byteroute.dev\/fr\/wp-json\/wp\/v2\/types\/page"}],"author":[{"embeddable":true,"href":"https:\/\/byteroute.dev\/fr\/wp-json\/wp\/v2\/users\/1"}],"replies":[{"embeddable":true,"href":"https:\/\/byteroute.dev\/fr\/wp-json\/wp\/v2\/comments?post=16700"}],"version-history":[{"count":1,"href":"https:\/\/byteroute.dev\/fr\/wp-json\/wp\/v2\/pages\/16700\/revisions"}],"predecessor-version":[{"id":16705,"href":"https:\/\/byteroute.dev\/fr\/wp-json\/wp\/v2\/pages\/16700\/revisions\/16705"}],"wp:featuredmedia":[{"embeddable":true,"href":"https:\/\/byteroute.dev\/fr\/wp-json\/wp\/v2\/media\/16704"}],"wp:attachment":[{"href":"https:\/\/byteroute.dev\/fr\/wp-json\/wp\/v2\/media?parent=16700"}],"curies":[{"name":"wp","href":"https:\/\/api.w.org\/{rel}","templated":true}]}}