{"id":16708,"date":"2024-01-02T11:51:20","date_gmt":"2024-01-02T11:51:20","guid":{"rendered":"https:\/\/byteroute.dev\/a-propos-de-nous\/"},"modified":"2026-03-05T22:11:58","modified_gmt":"2026-03-05T22:11:58","slug":"a-propos-de-nous","status":"publish","type":"page","link":"https:\/\/byteroute.dev\/fr\/a-propos-de-nous\/","title":{"rendered":"\u00c0 propos de nous"},"content":{"rendered":"\t\t<div data-elementor-type=\"wp-page\" data-elementor-id=\"16708\" class=\"elementor elementor-16708 elementor-528\">\n\t\t\t\t<div class=\"elementor-element elementor-element-5b43da5 e-flex e-con-boxed e-con e-parent\" data-id=\"5b43da5\" data-element_type=\"container\" data-e-type=\"container\" data-settings=\"{&quot;background_background&quot;:&quot;classic&quot;,&quot;wcf_enable_cursor_hover_effect_text&quot;:&quot;View&quot;,&quot;wcf-animation&quot;:&quot;none&quot;}\">\n\t\t\t\t\t<div class=\"e-con-inner\">\n\t\t<div class=\"elementor-element elementor-element-23af855 e-con-full e-flex e-con e-child\" data-id=\"23af855\" data-element_type=\"container\" data-e-type=\"container\" data-settings=\"{&quot;wcf_enable_cursor_hover_effect_text&quot;:&quot;View&quot;,&quot;wcf-animation&quot;:&quot;none&quot;}\">\n\t\t\t\t<div class=\"elementor-element elementor-element-6e608a2 elementor-hidden-tablet_extra elementor-hidden-tablet elementor-hidden-mobile_extra elementor-hidden-mobile elementor-widget elementor-widget-wcf--button\" data-id=\"6e608a2\" data-element_type=\"widget\" data-e-type=\"widget\" data-settings=\"{&quot;wcf-animation&quot;:&quot;fade&quot;,&quot;fade-from&quot;:&quot;bottom&quot;,&quot;delay&quot;:0,&quot;on-scroll&quot;:1,&quot;data-duration&quot;:1.5,&quot;ease&quot;:&quot;power2.out&quot;,&quot;fade-offset&quot;:50}\" data-widget_type=\"wcf--button.default\">\n\t\t\t\t<div class=\"elementor-widget-container\">\n\t\t\t\t\t\t\t<div class=\"wcf__btn\">\r\n\t\t\t\t\t\t<div class=\"btn-wrapper\">\r\n\t\t\t\t\t\t\t\t<a href=\"https:\/\/byteroute.dev\/fr\/obtenir-un-devis\/\" class=\"wcf-btn-circle btn-item btn-hover-bgchange\">\r\n\t\t\t\t\t\t\t\t\t\tOBTENIR UN DEVIS\t\t\t\t<\/a>\r\n\t\t\t\t\t\t\t<\/div>\r\n\t\t\t\t<\/div>\r\n\t\t\t\t\t\t<\/div>\n\t\t\t\t<\/div>\n\t\t\t\t<div class=\"elementor-element elementor-element-baeb85e elementor-widget__width-initial wcf-t-animation-text_move elementor-widget-mobile__width-inherit underline_offset elementor-widget elementor-widget-wcf--title\" data-id=\"baeb85e\" data-element_type=\"widget\" data-e-type=\"widget\" data-settings=\"{&quot;wcf_text_animation&quot;:&quot;text_move&quot;,&quot;text_delay&quot;:0.1,&quot;text_transform_origin&quot;:&quot;top center -50&quot;,&quot;text_duration&quot;:1,&quot;text_stagger&quot;:0.02,&quot;text_on_scroll&quot;:&quot;yes&quot;,&quot;text_rotation_di&quot;:&quot;x&quot;,&quot;text_rotation&quot;:&quot;-80&quot;,&quot;wcf-animation&quot;:&quot;none&quot;}\" data-widget_type=\"wcf--title.default\">\n\t\t\t\t<div class=\"elementor-widget-container\">\n\t\t\t\t\t<h2 class=\"wcf--title\">Nous facilitons votre parcours num\u00e9rique<\/h2>\t\t\t\t<\/div>\n\t\t\t\t<\/div>\n\t\t\t\t<\/div>\n\t\t<div class=\"elementor-element elementor-element-cdbb3a3 e-con-full e-flex e-con e-child\" data-id=\"cdbb3a3\" data-element_type=\"container\" data-e-type=\"container\" data-settings=\"{&quot;wcf_enable_cursor_hover_effect_text&quot;:&quot;View&quot;,&quot;wcf-animation&quot;:&quot;none&quot;}\">\n\t\t\t\t<div class=\"elementor-element elementor-element-edabc13 elementor-hidden-tablet_extra elementor-hidden-tablet elementor-hidden-mobile_extra elementor-hidden-mobile elementor-widget elementor-widget-wcf--image\" data-id=\"edabc13\" data-element_type=\"widget\" data-e-type=\"widget\" data-settings=\"{&quot;wcf-image-animation&quot;:&quot;reveal&quot;,&quot;image-ease&quot;:&quot;slowmo&quot;,&quot;wcf-animation&quot;:&quot;none&quot;}\" data-widget_type=\"wcf--image.default\">\n\t\t\t\t<div class=\"elementor-widget-container\">\n\t\t\t\t\t\t\t<div class=\"wcf--image\">\r\n\t\t\t\t\t\t\t<img fetchpriority=\"high\" decoding=\"async\" width=\"730\" height=\"366\" src=\"https:\/\/byteroute.dev\/wp-content\/uploads\/2024\/11\/crc.png\" class=\"attachment-full size-full wp-image-16446\" alt=\"crc\" srcset=\"https:\/\/byteroute.dev\/wp-content\/uploads\/2024\/11\/crc.png 730w, https:\/\/byteroute.dev\/wp-content\/uploads\/2024\/11\/crc-300x150.png 300w\" sizes=\"(max-width: 730px) 100vw, 730px\" \/>\t\t\t\t\t\t<\/div>\r\n\t\t\t\t\t\t<\/div>\n\t\t\t\t<\/div>\n\t\t\t\t<div class=\"elementor-element elementor-element-8df69e6 elementor-widget-mobile__width-inherit elementor-hidden-widescreen elementor-hidden-desktop elementor-hidden-laptop elementor-widget elementor-widget-wcf--button\" data-id=\"8df69e6\" data-element_type=\"widget\" data-e-type=\"widget\" data-settings=\"{&quot;wcf-animation&quot;:&quot;fade&quot;,&quot;fade-from&quot;:&quot;bottom&quot;,&quot;delay&quot;:0,&quot;on-scroll&quot;:1,&quot;data-duration&quot;:1.5,&quot;ease&quot;:&quot;power2.out&quot;,&quot;fade-offset&quot;:50}\" data-widget_type=\"wcf--button.default\">\n\t\t\t\t<div class=\"elementor-widget-container\">\n\t\t\t\t\t\t\t<div class=\"wcf__btn\">\r\n\t\t\t\t\t\t<div class=\"btn-wrapper\">\r\n\t\t\t\t\t\t\t\t<a href=\"https:\/\/byteroute.dev\/fr\/obtenir-un-devis\/\" class=\"wcf-btn-circle btn-item btn-hover-bgchange\">\r\n\t\t\t\t\t\t\t\t\t\tOBTENIR UN DEVIS\t\t\t\t<\/a>\r\n\t\t\t\t\t\t\t<\/div>\r\n\t\t\t\t<\/div>\r\n\t\t\t\t\t\t<\/div>\n\t\t\t\t<\/div>\n\t\t<div class=\"elementor-element elementor-element-4c4504d e-con-full e-flex e-con e-child\" data-id=\"4c4504d\" data-element_type=\"container\" data-e-type=\"container\" data-settings=\"{&quot;wcf_enable_cursor_hover_effect_text&quot;:&quot;View&quot;,&quot;wcf-animation&quot;:&quot;none&quot;}\">\n\t\t\t\t<div class=\"elementor-element elementor-element-075ddd4 wcf-t-animation-text_move elementor-widget elementor-widget-wcf--text\" data-id=\"075ddd4\" data-element_type=\"widget\" data-e-type=\"widget\" data-settings=\"{&quot;wcf_text_animation&quot;:&quot;text_move&quot;,&quot;text_transform_origin&quot;:&quot;top center -50&quot;,&quot;text_delay&quot;:0.15,&quot;text_duration&quot;:1,&quot;text_stagger&quot;:0.02,&quot;text_on_scroll&quot;:&quot;yes&quot;,&quot;text_rotation_di&quot;:&quot;x&quot;,&quot;text_rotation&quot;:&quot;-80&quot;,&quot;wcf-animation&quot;:&quot;none&quot;}\" data-widget_type=\"wcf--text.default\">\n\t\t\t\t<div class=\"elementor-widget-container\">\n\t\t\t\t\t<div class=\"wcf--text\"><p>Transformer les id\u00e9es en exp\u00e9riences num\u00e9riques percutantes &#8211; notre entreprise con\u00e7oit des produits num\u00e9riques innovants et centr\u00e9s sur l&#8217;utilisateur qui g\u00e9n\u00e8rent des r\u00e9sultats et valorisent votre marque.<\/p><\/div>\t\t\t\t<\/div>\n\t\t\t\t<\/div>\n\t\t\t\t<div class=\"elementor-element elementor-element-4b5b660 wcf-t-animation-text_move elementor-widget elementor-widget-wcf--text\" data-id=\"4b5b660\" data-element_type=\"widget\" data-e-type=\"widget\" data-settings=\"{&quot;wcf_text_animation&quot;:&quot;text_move&quot;,&quot;text_transform_origin&quot;:&quot;top center -50&quot;,&quot;text_delay&quot;:0.15,&quot;text_duration&quot;:1,&quot;text_stagger&quot;:0.02,&quot;text_on_scroll&quot;:&quot;yes&quot;,&quot;text_rotation_di&quot;:&quot;x&quot;,&quot;text_rotation&quot;:&quot;-80&quot;,&quot;wcf-animation&quot;:&quot;none&quot;}\" data-widget_type=\"wcf--text.default\">\n\t\t\t\t<div class=\"elementor-widget-container\">\n\t\t\t\t\t<div class=\"wcf--text\"><p>Byteroute est votre destination unique pour l&#8217;innovation num\u00e9rique, offrant des services complets en d\u00e9veloppement web, design graphique, solutions logicielles et d\u00e9veloppement d&#8217;applications mobiles. Nous sommes passionn\u00e9s par la cr\u00e9ation d&#8217;exp\u00e9riences num\u00e9riques coh\u00e9rentes qui donnent vie \u00e0 votre marque sur toutes les plateformes. Des visuels captivants aux applications puissantes, notre \u00e9quipe s&#8217;engage \u00e0 fournir des solutions de haute qualit\u00e9 qui engagent les utilisateurs et r\u00e9pondent \u00e0 vos objectifs commerciaux. Associons-nous pour construire une pr\u00e9sence num\u00e9rique qui r\u00e9sonne vraiment<\/p><\/div>\t\t\t\t<\/div>\n\t\t\t\t<\/div>\n\t\t\t\t<div class=\"elementor-element elementor-element-c8850a6 elementor-widget elementor-widget-wcf--button\" data-id=\"c8850a6\" data-element_type=\"widget\" data-e-type=\"widget\" data-settings=\"{&quot;wcf-animation&quot;:&quot;fade&quot;,&quot;delay&quot;:0,&quot;fade-from&quot;:&quot;bottom&quot;,&quot;on-scroll&quot;:1,&quot;data-duration&quot;:1.5,&quot;ease&quot;:&quot;power2.out&quot;,&quot;fade-offset&quot;:50}\" data-widget_type=\"wcf--button.default\">\n\t\t\t\t<div class=\"elementor-widget-container\">\n\t\t\t\t\t\t\t<div class=\"wcf__btn\">\r\n\t\t\t\t\t\t\t<a href=\"https:\/\/byteroute.dev\/fr\/contact\/\" class=\"wcf-btn-mask\" data-text=\"Planifier une consultation gratuite\">\r\n\t\t\t\t\t\t\t\t\t\tPlanifier une consultation gratuite\t\t\t\t<\/a>\r\n\t\t\t\t\t\t<\/div>\r\n\t\t\t\t\t\t<\/div>\n\t\t\t\t<\/div>\n\t\t\t\t<\/div>\n\t\t\t\t<\/div>\n\t\t\t\t<div class=\"elementor-element elementor-element-6b0ef49 elementor-absolute elementor-widget-tablet__width-initial elementor-widget elementor-widget-wcf--image\" data-id=\"6b0ef49\" data-element_type=\"widget\" data-e-type=\"widget\" data-settings=\"{&quot;_position&quot;:&quot;absolute&quot;,&quot;wcf-image-animation&quot;:&quot;none&quot;,&quot;wcf-animation&quot;:&quot;none&quot;}\" data-widget_type=\"wcf--image.default\">\n\t\t\t\t<div class=\"elementor-widget-container\">\n\t\t\t\t\t\t\t<div class=\"wcf--image\">\r\n\t\t\t\t\t\t\t<img decoding=\"async\" width=\"158\" height=\"134\" src=\"https:\/\/byteroute.dev\/wp-content\/uploads\/2024\/01\/obj1.png\" class=\"attachment-full size-full wp-image-531\" alt=\"obj1\" \/>\t\t\t\t\t\t<\/div>\r\n\t\t\t\t\t\t<\/div>\n\t\t\t\t<\/div>\n\t\t\t\t\t<\/div>\n\t\t\t\t<\/div>\n\t\t<div class=\"elementor-element elementor-element-f341c0f e-flex e-con-boxed e-con e-parent\" data-id=\"f341c0f\" data-element_type=\"container\" data-e-type=\"container\" data-settings=\"{&quot;wcf_enable_cursor_hover_effect_text&quot;:&quot;View&quot;,&quot;wcf-animation&quot;:&quot;none&quot;}\">\n\t\t\t\t\t<div class=\"e-con-inner\">\n\t\t<div class=\"elementor-element elementor-element-09e4e0e e-con-full e-flex e-con e-child\" data-id=\"09e4e0e\" data-element_type=\"container\" data-e-type=\"container\" data-settings=\"{&quot;wcf_enable_cursor_hover_effect_text&quot;:&quot;View&quot;,&quot;wcf-animation&quot;:&quot;none&quot;}\">\n\t\t\t\t<div class=\"elementor-element elementor-element-5d852d4 elementor-widget__width-initial wcf-t-animation-text_move elementor-widget-mobile__width-inherit underline_offset elementor-widget elementor-widget-wcf--title\" data-id=\"5d852d4\" data-element_type=\"widget\" data-e-type=\"widget\" data-settings=\"{&quot;wcf_text_animation&quot;:&quot;text_move&quot;,&quot;text_transform_origin&quot;:&quot;top center -50&quot;,&quot;text_delay&quot;:0.15,&quot;text_duration&quot;:1,&quot;text_stagger&quot;:0.02,&quot;text_on_scroll&quot;:&quot;yes&quot;,&quot;text_rotation_di&quot;:&quot;x&quot;,&quot;text_rotation&quot;:&quot;-80&quot;,&quot;wcf-animation&quot;:&quot;none&quot;}\" data-widget_type=\"wcf--title.default\">\n\t\t\t\t<div class=\"elementor-widget-container\">\n\t\t\t\t\t<h2 class=\"wcf--title\">Croissance rapide gr\u00e2ce au talent exceptionnel de notre \u00e9quipe.<\/h2>\t\t\t\t<\/div>\n\t\t\t\t<\/div>\n\t\t\t\t<\/div>\n\t\t<div class=\"elementor-element elementor-element-2623fee e-con-full e-flex e-con e-child\" data-id=\"2623fee\" data-element_type=\"container\" data-e-type=\"container\" data-settings=\"{&quot;wcf_enable_cursor_hover_effect_text&quot;:&quot;View&quot;,&quot;wcf-animation&quot;:&quot;none&quot;}\">\n\t\t\t\t<div class=\"elementor-element elementor-element-1e37a4c elementor-widget__width-initial wcf-position-column elementor-widget elementor-widget-wcf--counter\" data-id=\"1e37a4c\" data-element_type=\"widget\" data-e-type=\"widget\" data-settings=\"{&quot;wcf-animation&quot;:&quot;none&quot;}\" data-widget_type=\"wcf--counter.default\">\n\t\t\t\t<div class=\"elementor-widget-container\">\n\t\t\t\t\t\t\t<div class=\"wcf--counter\">\r\n\t\t\t<div class=\"count\">\r\n\t\t\t\t<span class=\"wcf--counter-number-prefix\"><\/span>\r\n\t\t\t\t<span class=\"wcf--counter-number\" data-duration=\"2000\" data-to-value=\"7\" data-from-value=\"0\" data-delimiter=\",\">0<\/span>\r\n\t\t\t\t<span class=\"wcf--counter-number-suffix\"><\/span>\r\n\t\t\t<\/div>\r\n\r\n\t\t\t\r\n\t\t\t\t\t\t\t<div class=\"title\">\r\n\t\t\t\t\tAnn\u00e9es d'exp\u00e9rience\t\t\t\t<\/div>\r\n\t\t\t\t\t<\/div>\r\n\t\t\t\t\t\t<\/div>\n\t\t\t\t<\/div>\n\t\t\t\t<div class=\"elementor-element elementor-element-cbc8e9e elementor-widget__width-initial wcf-position-column elementor-widget elementor-widget-wcf--counter\" data-id=\"cbc8e9e\" data-element_type=\"widget\" data-e-type=\"widget\" data-settings=\"{&quot;wcf-animation&quot;:&quot;none&quot;}\" data-widget_type=\"wcf--counter.default\">\n\t\t\t\t<div class=\"elementor-widget-container\">\n\t\t\t\t\t\t\t<div class=\"wcf--counter\">\r\n\t\t\t<div class=\"count\">\r\n\t\t\t\t<span class=\"wcf--counter-number-prefix\"><\/span>\r\n\t\t\t\t<span class=\"wcf--counter-number\" data-duration=\"2000\" data-to-value=\"6\" data-from-value=\"0\" data-delimiter=\",\">0<\/span>\r\n\t\t\t\t<span class=\"wcf--counter-number-suffix\"><\/span>\r\n\t\t\t<\/div>\r\n\r\n\t\t\t\r\n\t\t\t\t\t\t\t<div class=\"title\">\r\n\t\t\t\t\tProjets en cours\t\t\t\t<\/div>\r\n\t\t\t\t\t<\/div>\r\n\t\t\t\t\t\t<\/div>\n\t\t\t\t<\/div>\n\t\t\t\t<div class=\"elementor-element elementor-element-3b6de7d elementor-widget__width-initial wcf-position-column elementor-widget elementor-widget-wcf--counter\" data-id=\"3b6de7d\" data-element_type=\"widget\" data-e-type=\"widget\" data-settings=\"{&quot;wcf-animation&quot;:&quot;none&quot;}\" data-widget_type=\"wcf--counter.default\">\n\t\t\t\t<div class=\"elementor-widget-container\">\n\t\t\t\t\t\t\t<div class=\"wcf--counter\">\r\n\t\t\t<div class=\"count\">\r\n\t\t\t\t<span class=\"wcf--counter-number-prefix\"><\/span>\r\n\t\t\t\t<span class=\"wcf--counter-number\" data-duration=\"2000\" data-to-value=\"84\" data-from-value=\"0\" data-delimiter=\",\">0<\/span>\r\n\t\t\t\t<span class=\"wcf--counter-number-suffix\"><\/span>\r\n\t\t\t<\/div>\r\n\r\n\t\t\t\r\n\t\t\t\t\t\t\t<div class=\"title\">\r\n\t\t\t\t\tProjets r\u00e9alis\u00e9s\t\t\t\t<\/div>\r\n\t\t\t\t\t<\/div>\r\n\t\t\t\t\t\t<\/div>\n\t\t\t\t<\/div>\n\t\t\t\t<\/div>\n\t\t\t\t\t<\/div>\n\t\t\t\t<\/div>\n\t\t\t\t<\/div>\n\t\t","protected":false},"excerpt":{"rendered":"<p>OBTENIR UN DEVIS Nous facilitons votre parcours num\u00e9rique OBTENIR UN DEVIS Transformer les id\u00e9es en exp\u00e9riences num\u00e9riques percutantes &#8211; notre entreprise con\u00e7oit des produits num\u00e9riques innovants et centr\u00e9s sur l&#8217;utilisateur qui g\u00e9n\u00e8rent des r\u00e9sultats et valorisent votre marque. Byteroute est votre destination unique pour l&#8217;innovation num\u00e9rique, offrant des services complets en d\u00e9veloppement web, design graphique, [&hellip;]<\/p>\n","protected":false},"author":1,"featured_media":16704,"parent":0,"menu_order":0,"comment_status":"closed","ping_status":"closed","template":"elementor_header_footer","meta":{"footnotes":""},"class_list":["post-16708","page","type-page","status-publish","has-post-thumbnail","hentry"],"_links":{"self":[{"href":"https:\/\/byteroute.dev\/fr\/wp-json\/wp\/v2\/pages\/16708","targetHints":{"allow":["GET"]}}],"collection":[{"href":"https:\/\/byteroute.dev\/fr\/wp-json\/wp\/v2\/pages"}],"about":[{"href":"https:\/\/byteroute.dev\/fr\/wp-json\/wp\/v2\/types\/page"}],"author":[{"embeddable":true,"href":"https:\/\/byteroute.dev\/fr\/wp-json\/wp\/v2\/users\/1"}],"replies":[{"embeddable":true,"href":"https:\/\/byteroute.dev\/fr\/wp-json\/wp\/v2\/comments?post=16708"}],"version-history":[{"count":4,"href":"https:\/\/byteroute.dev\/fr\/wp-json\/wp\/v2\/pages\/16708\/revisions"}],"predecessor-version":[{"id":16971,"href":"https:\/\/byteroute.dev\/fr\/wp-json\/wp\/v2\/pages\/16708\/revisions\/16971"}],"wp:featuredmedia":[{"embeddable":true,"href":"https:\/\/byteroute.dev\/fr\/wp-json\/wp\/v2\/media\/16704"}],"wp:attachment":[{"href":"https:\/\/byteroute.dev\/fr\/wp-json\/wp\/v2\/media?parent=16708"}],"curies":[{"name":"wp","href":"https:\/\/api.w.org\/{rel}","templated":true}]}}